{"id":72,"date":"2024-03-05T13:50:21","date_gmt":"2024-03-05T12:50:21","guid":{"rendered":"https:\/\/ols-porfestes.hu\/?page_id=72"},"modified":"2024-05-17T16:23:57","modified_gmt":"2024-05-17T14:23:57","slug":"adatkezelesi-szabalyzat","status":"publish","type":"page","link":"https:\/\/ols-porfestes.hu\/de\/adatkezelesi-szabalyzat\/","title":{"rendered":"Datenschutzerkl\u00e4rung"},"content":{"rendered":"<div data-elementor-type=\"wp-page\" data-elementor-id=\"72\" class=\"elementor elementor-72\" data-elementor-settings=\"{&quot;ha_cmc_init_switcher&quot;:&quot;no&quot;}\" data-elementor-post-type=\"page\">\n\t\t\t\t\t\t<section class=\"elementor-section elementor-top-section elementor-element elementor-element-4ec91618 elementor-section-height-min-height elementor-section-boxed elementor-section-height-default elementor-section-items-middle\" data-id=\"4ec91618\" data-element_type=\"section\" id=\"my-section\" data-settings=\"{&quot;background_background&quot;:&quot;classic&quot;,&quot;_ha_eqh_enable&quot;:false}\">\n\t\t\t\t\t\t<div class=\"elementor-container elementor-column-gap-default\">\n\t\t\t\t\t<div class=\"elementor-column elementor-col-100 elementor-top-column elementor-element elementor-element-5ddfee6\" data-id=\"5ddfee6\" data-element_type=\"column\">\n\t\t\t<div class=\"elementor-widget-wrap elementor-element-populated\">\n\t\t\t\t\t\t<section class=\"elementor-section elementor-inner-section elementor-element elementor-element-0446cab elementor-section-boxed elementor-section-height-default elementor-section-height-default elementor-invisible\" data-id=\"0446cab\" data-element_type=\"section\" data-settings=\"{&quot;animation&quot;:&quot;fadeInUp&quot;,&quot;_ha_eqh_enable&quot;:false}\">\n\t\t\t\t\t\t<div class=\"elementor-container elementor-column-gap-default\">\n\t\t\t\t\t<div class=\"elementor-column elementor-col-100 elementor-inner-column elementor-element elementor-element-b1090f8\" data-id=\"b1090f8\" data-element_type=\"column\">\n\t\t\t<div class=\"elementor-widget-wrap elementor-element-populated\">\n\t\t\t\t\t\t<div class=\"elementor-element elementor-element-082830f elementor-widget__width-auto elementor-absolute elementor-widget-divider--view-line elementor-widget elementor-widget-divider\" data-id=\"082830f\" data-element_type=\"widget\" data-settings=\"{&quot;_position&quot;:&quot;absolute&quot;}\" data-widget_type=\"divider.default\">\n\t\t\t\t\t\t\t<div class=\"elementor-divider\">\n\t\t\t<span class=\"elementor-divider-separator\">\n\t\t\t\t\t\t<\/span>\n\t\t<\/div>\n\t\t\t\t\t\t<\/div>\n\t\t\t\t<div class=\"elementor-element elementor-element-09be555 elementor-widget elementor-widget-page-title\" data-id=\"09be555\" data-element_type=\"widget\" data-settings=\"{&quot;align&quot;:&quot;left&quot;}\" data-widget_type=\"page-title.default\">\n\t\t\t\t<div class=\"elementor-widget-container\">\n\t\t\t\t\t\t\t\n\t\t<div class=\"hfe-page-title hfe-page-title-wrapper elementor-widget-heading\">\n\n\t\t\t\t\t\t\t\t<h1 class=\"elementor-heading-title elementor-size-default\">\n\t\t\t\t\t\t\t\t\n\t\t\t\tDatenschutzerkl\u00e4rung  \n\t\t\t<\/h1> \n\t\t\t\t\t<\/div>\n\t\t\t\t\t\t<\/div>\n\t\t\t\t<\/div>\n\t\t\t\t\t<\/div>\n\t\t<\/div>\n\t\t\t\t\t<\/div>\n\t\t<\/section>\n\t\t\t\t\t<\/div>\n\t\t<\/div>\n\t\t\t\t\t<\/div>\n\t\t<\/section>\n\t\t\t\t<section class=\"elementor-section elementor-top-section elementor-element elementor-element-6d3cc28e elementor-section-boxed elementor-section-height-default elementor-section-height-default\" data-id=\"6d3cc28e\" data-element_type=\"section\" data-settings=\"{&quot;_ha_eqh_enable&quot;:false}\">\n\t\t\t\t\t\t<div class=\"elementor-container elementor-column-gap-default\">\n\t\t\t\t\t<div class=\"elementor-column elementor-col-100 elementor-top-column elementor-element elementor-element-207dfe13\" data-id=\"207dfe13\" data-element_type=\"column\">\n\t\t\t<div class=\"elementor-widget-wrap elementor-element-populated\">\n\t\t\t\t\t\t<section class=\"elementor-section elementor-inner-section elementor-element elementor-element-258d7078 elementor-section-boxed elementor-section-height-default elementor-section-height-default\" data-id=\"258d7078\" data-element_type=\"section\" data-settings=\"{&quot;_ha_eqh_enable&quot;:false}\">\n\t\t\t\t\t\t<div class=\"elementor-container elementor-column-gap-default\">\n\t\t\t\t\t<div class=\"elementor-column elementor-col-100 elementor-inner-column elementor-element elementor-element-7226034a elementor-invisible\" data-id=\"7226034a\" data-element_type=\"column\" data-settings=\"{&quot;background_background&quot;:&quot;classic&quot;,&quot;animation&quot;:&quot;fadeInUp&quot;}\">\n\t\t\t<div class=\"elementor-widget-wrap elementor-element-populated\">\n\t\t\t\t\t\t<div class=\"elementor-element elementor-element-32fb1749 elementor-widget elementor-widget-heading\" data-id=\"32fb1749\" data-element_type=\"widget\" data-widget_type=\"heading.default\">\n\t\t\t\t\t<h2 class=\"elementor-heading-title elementor-size-default\">Verwaltung von Kontaktinformationen auf der Webseite<\/h2>\t\t\t\t<\/div>\n\t\t\t\t<div class=\"elementor-element elementor-element-21f40b4 elementor-widget elementor-widget-heading\" data-id=\"21f40b4\" data-element_type=\"widget\" data-widget_type=\"heading.default\">\n\t\t\t\t\t<h3 class=\"elementor-heading-title elementor-size-default\">Verantwortliche und die zur Datenverarbeitung berechtigten Personen<\/h3>\t\t\t\t<\/div>\n\t\t\t\t<div class=\"elementor-element elementor-element-75470224 elementor-widget elementor-widget-text-editor\" data-id=\"75470224\" data-element_type=\"widget\" data-widget_type=\"text-editor.default\">\n\t\t\t\t\t\t\t\t\t<p><strong>Verantwortlicher:<\/strong> OLS OMEGA-LASER-STEELTEC Ipari, Kereskedelmi \u00e9s Szolg\u00e1ltat\u00f3 Korl\u00e1tolt Felel\u0151ss\u00e9g\u00fc T\u00e1rsas\u00e1g (Industrie-, Handels- und Dienstleistungsgesellschaft mit beschr\u00e4nkter Haftung)<\/p><ul><li><strong>Hauptsitz:<\/strong> 2142 Nagytarcsa, Cinkotai utca 28.<\/li><li><strong style=\"font-family: var( --e-global-typography-text-font-family ), Sans-serif; text-decoration: var( --e-global-typography-text-text-decoration );\">Steuernummer:<\/strong><span style=\"font-family: var( --e-global-typography-text-font-family ), Sans-serif; text-decoration: var( --e-global-typography-text-text-decoration );\"> 12758700-2-13<\/span><\/li><li><strong>Webseite:<\/strong> <a href=\"https:\/\/ols-porfestes.hu\/de\/\">ols-porfestes.hu<\/a><\/li><\/ul>\t\t\t\t\t\t\t\t<\/div>\n\t\t\t\t<div class=\"elementor-element elementor-element-7e2ec43b elementor-widget elementor-widget-text-editor\" data-id=\"7e2ec43b\" data-element_type=\"widget\" data-widget_type=\"text-editor.default\">\n\t\t\t\t\t\t\t\t\t<strong>Wir verarbeiten Ihre personenbezogenen Daten in \u00dcbereinstimmung mit der Datenschutzrichtlinie:<\/strong>\n<ul>\n \t<li><strong>Name:<\/strong> zu Identifikations- und Kommunikationszwecken.<\/li>\n \t<li><strong>E-Mail-Adresse:<\/strong> f\u00fcr die Kommunikation, den Versand von Newslettern und die Best\u00e4tigung von Transaktionen.<\/li>\n \t<li><strong>Telefonnummer:<\/strong> zur Kontakthaltung, zur schnelleren Gesch\u00e4ftsabwicklung<\/li>\n \t<li><strong>Sonstige personenbezogene Daten:<\/strong> Die vom Kunden zur Verf\u00fcgung gestellt werden k\u00f6nnen und die f\u00fcr den Kundenservice oder die Vertragserf\u00fcllung notwendig sind.<\/li>\n<\/ul>\t\t\t\t\t\t\t\t<\/div>\n\t\t\t\t<div class=\"elementor-element elementor-element-11745128 elementor-widget elementor-widget-heading\" data-id=\"11745128\" data-element_type=\"widget\" data-widget_type=\"heading.default\">\n\t\t\t\t\t<h3 class=\"elementor-heading-title elementor-size-default\">Datenverarbeiter<\/h3>\t\t\t\t<\/div>\n\t\t\t\t<div class=\"elementor-element elementor-element-7f823909 elementor-widget elementor-widget-text-editor\" data-id=\"7f823909\" data-element_type=\"widget\" data-widget_type=\"text-editor.default\">\n\t\t\t\t\t\t\t\t\tGem\u00e4\u00df Artikel 28 der DSGVO setzt die OLS Kft. nur Datenverarbeiter ein, die angemessene Garantien f\u00fcr die Einhaltung der Anforderungen der Verordnung \u00fcber die Datenverarbeitung bieten und geeignete technische und organisatorische Ma\u00dfnahmen zum Schutz der Rechte der betroffenen Personen ergreifen. Datenverarbeiter, die Zugang zu personenbezogenen Daten haben, verarbeiten die Daten ausschlie\u00dflich gem\u00e4\u00df den Anweisungen des f\u00fcr die Verarbeitung Verantwortlichen, es sei denn, sie sind nach EU-Recht oder dem Recht eines Mitgliedstaats zu etwas anderem verpflichtet. Die folgenden Auftragsverarbeiter sind an der Verarbeitung beteiligt:\t\t\t\t\t\t\t\t<\/div>\n\t\t\t\t<div class=\"elementor-element elementor-element-a9fde74 elementor-widget elementor-widget-text-editor\" data-id=\"a9fde74\" data-element_type=\"widget\" data-widget_type=\"text-editor.default\">\n\t\t\t\t\t\t\t\t\t<ul><li><strong>Der Dienstanbieter:\u00a0<\/strong>T\u00e1rhely.Eu Kft.<ul><li><strong>Hauptsitz:<\/strong> 1097 Budapest, K\u00f6nyves K\u00e1lm\u00e1n k\u00f6r\u00fat 12-14.<\/li><li><strong>Webseite:<\/strong> <a href=\"https:\/\/www.facebook.com\/\" target=\"_new\" rel=\"noreferrer\">www.tarhely.<\/a>eu<\/li><li><strong>Datenschutzbestimmungen:<\/strong> Die aktuellen Datenschutzbestimmungen sind auf der Webseite der T\u00e1rhely.eu, unter folgendem Link abrufbar: T\u00e1rhely.eu Datenschutz <a href=\"https:\/\/tarhely.eu\/dokumentumok\/adatvedelmi_szabalyzat.pdf\" rel=\"noreferrer\">T\u00e1rhely.eu Adatv\u00e9delmi Szab\u00e1lyzat<\/a><\/li><\/ul><\/li><\/ul>\t\t\t\t\t\t\t\t<\/div>\n\t\t\t\t<div class=\"elementor-element elementor-element-e20bf73 elementor-widget elementor-widget-text-editor\" data-id=\"e20bf73\" data-element_type=\"widget\" data-widget_type=\"text-editor.default\">\n\t\t\t\t\t\t\t\t\t<ul><li><strong>Facebook Inc.<\/strong><ul><li><strong>Hauptsitz:<\/strong> 1 Hacker Way, Menlo Park, California 94025, USA<\/li><li><strong>Webseite:<\/strong> <a href=\"https:\/\/www.facebook.com\/\" target=\"_new\" rel=\"noreferrer\">www.facebook.com<\/a><\/li><li><strong>Datenschutzbestimmungen:<\/strong> Die aktuelle Datenschutzrichtlinie ist auf der Facebook-Website unter folgendem Link abrufbar: <a href=\"https:\/\/www.facebook.com\/about\/privacy\/\" target=\"_new\" rel=\"noreferrer\">Facebook Datenschutzrichtlinie<\/a><\/li><\/ul><\/li><\/ul><p style=\"padding-left: 40px;\">Facebook Inc. gew\u00e4hrleistet den Schutz der Privatsph\u00e4re der Nutzer bei der \u00dcbermittlung von Daten zwischen der EU und den Vereinigten Staaten in \u00dcbereinstimmung mit dem Rahmen des EU-US-Datenschutzschildes (Privacy Shield) und anderen geeigneten Datenschutzma\u00dfnahmen.<\/p>\t\t\t\t\t\t\t\t<\/div>\n\t\t\t\t<div class=\"elementor-element elementor-element-5c6ff7e elementor-widget elementor-widget-text-editor\" data-id=\"5c6ff7e\" data-element_type=\"widget\" data-widget_type=\"text-editor.default\">\n\t\t\t\t\t\t\t\t\t<ul><li><strong>Mailchimp (The Rocket Science Group, LLC)<\/strong><ul><li><strong>Hauptsitz:<\/strong> 675 Ponce de Leon Ave NE, Suite 5000, Atlanta, GA 30308 USA<\/li><li><strong>Webseite:<\/strong> <a href=\"https:\/\/www.mailchimp.com\/\" target=\"_new\" rel=\"noreferrer\">www.mailchimp.com<\/a><\/li><li><strong>Datenschutzbestimmungen:<\/strong> Die Datenschutzbestimmungen von Mailchimp sind auf der Website von Mailchimp direkt \u00fcber den Link \u201cMailchimp Privacy Policy\u201d verf\u00fcgbar. <a target=\"_new\" rel=\"noreferrer\">Mailchimp Adatv\u00e9delmi Szab\u00e1lyzat<\/a><\/li><\/ul><\/li><\/ul><p style=\"padding-left: 40px;\">Mailchimp h\u00e4lt sich auch an die EU-Datenschutzvorschriften und ergreift Ma\u00dfnahmen zum Schutz von Daten bei Daten\u00fcbertragungen zwischen der EU und den USA, einschlie\u00dflich der Verwendung geeigneter Datenschutzmechanismen.<\/p>\t\t\t\t\t\t\t\t<\/div>\n\t\t\t\t<div class=\"elementor-element elementor-element-30a44bb elementor-widget elementor-widget-heading\" data-id=\"30a44bb\" data-element_type=\"widget\" data-widget_type=\"heading.default\">\n\t\t\t\t\t<h3 class=\"elementor-heading-title elementor-size-default\">Wer ist zu kontaktieren?<\/h3>\t\t\t\t<\/div>\n\t\t\t\t<div class=\"elementor-element elementor-element-d580320 elementor-widget elementor-widget-text-editor\" data-id=\"d580320\" data-element_type=\"widget\" data-widget_type=\"text-editor.default\">\n\t\t\t\t\t\t\t\t\tOLS Ltd. hat einen Datenschutzbeauftragten ernannt, der bez\u00fcglich der Datenverarbeitung unter den folgenden Kontaktdaten kontaktiert werden kann: Vilmos Szalai E-Mail: <a href=\"mailto:szalai.vilmos@ols.hu\">szalai.vilmos@ols.hu<\/a>\t\t\t\t\t\t\t\t<\/div>\n\t\t\t\t<div class=\"elementor-element elementor-element-c0161d5 elementor-widget elementor-widget-heading\" data-id=\"c0161d5\" data-element_type=\"widget\" data-widget_type=\"heading.default\">\n\t\t\t\t\t<h3 class=\"elementor-heading-title elementor-size-default\">Zweck und Rechtsgrundlage der Verarbeitung<\/h3>\t\t\t\t<\/div>\n\t\t\t\t<div class=\"elementor-element elementor-element-a3c0f08 elementor-widget elementor-widget-text-editor\" data-id=\"a3c0f08\" data-element_type=\"widget\" data-widget_type=\"text-editor.default\">\n\t\t\t\t\t\t\t\t\t<p>Rechtsgrundlage f\u00fcr die Verarbeitung der Daten durch die OLS Kft.:<\/p><p>Verarbeitete Daten und Rechtsgrundlage:<\/p><ul><li>Einwilligung der betroffenen Person (DSGVO 6 (1) a.)<\/li><li>E-Mail-Adresse: Zustimmung der betroffenen Person (DSGVO 6 (1) a.)<\/li><li>Telefonnummer: Zustimmung der betroffenen Person (DSGVO 6 (1) a.)<\/li><li>andere personenbezogene Daten, die bereitgestellt werden k\u00f6nnen: Einwilligung der betroffenen Person (DSGVO 6 (1) a.)<\/li><\/ul><p><strong>Zweck der Verarbeitung:<\/strong>Erf\u00fcllung des Zwecks der Kontaktaufnahme mit der betroffenen Person, Marketinganfragen und Kontakthaltung.<\/p>\t\t\t\t\t\t\t\t<\/div>\n\t\t\t\t<div class=\"elementor-element elementor-element-28950a5 elementor-widget elementor-widget-heading\" data-id=\"28950a5\" data-element_type=\"widget\" data-widget_type=\"heading.default\">\n\t\t\t\t\t<h3 class=\"elementor-heading-title elementor-size-default\">Empf\u00e4nger der personenbezogenen Daten<\/h3>\t\t\t\t<\/div>\n\t\t\t\t<div class=\"elementor-element elementor-element-b3de89a elementor-widget elementor-widget-text-editor\" data-id=\"b3de89a\" data-element_type=\"widget\" data-widget_type=\"text-editor.default\">\n\t\t\t\t\t\t\t\t\tDie Daten k\u00f6nnen an Mitarbeiter und Auftragsverarbeiter des f\u00fcr die Verarbeitung Verantwortlichen weitergegeben werden.\t\t\t\t\t\t\t\t<\/div>\n\t\t\t\t<div class=\"elementor-element elementor-element-26464e5 elementor-widget elementor-widget-heading\" data-id=\"26464e5\" data-element_type=\"widget\" data-widget_type=\"heading.default\">\n\t\t\t\t\t<h3 class=\"elementor-heading-title elementor-size-default\">Aufbewahrungsfrist der Daten<\/h3>\t\t\t\t<\/div>\n\t\t\t\t<div class=\"elementor-element elementor-element-a2e214a elementor-widget elementor-widget-text-editor\" data-id=\"a2e214a\" data-element_type=\"widget\" data-widget_type=\"text-editor.default\">\n\t\t\t\t\t\t\t\t\tDie Aufbewahrungsfrist der verarbeiteten Daten: 8 Jahre.\t\t\t\t\t\t\t\t<\/div>\n\t\t\t\t<div class=\"elementor-element elementor-element-5d6a664 elementor-widget elementor-widget-heading\" data-id=\"5d6a664\" data-element_type=\"widget\" data-widget_type=\"heading.default\">\n\t\t\t\t\t<h3 class=\"elementor-heading-title elementor-size-default\">Ort der Speicherung der verarbeiteten Daten<\/h3>\t\t\t\t<\/div>\n\t\t\t\t<div class=\"elementor-element elementor-element-4cf51ee elementor-widget elementor-widget-text-editor\" data-id=\"4cf51ee\" data-element_type=\"widget\" data-widget_type=\"text-editor.default\">\n\t\t\t\t\t\t\t\t\t<p>Die Daten werden in dem\/den folgenden System(en) gespeichert:<\/p><ul><li>Unternehmensf\u00fchrungs- und Ablagesystem: Die Benutzer melden sich mit einer eindeutigen Kennung beim Unternehmensf\u00fchrungssystem an. Die Daten werden in einer Datenbank gespeichert. Die einzelnen Daten sind durch ein Berechtigungssystem gesch\u00fctzt.<\/li><li>Mailsystem: Die Software des Mailsystems wird regelm\u00e4\u00dfig aktualisiert. Alle E-Mails werden durch Spam-Filter und Anti-Viren-Kontrollen gepr\u00fcft. Nur autorisierte Personen haben Zugriff auf die Mails. Die Verf\u00fcgbarkeit wird durch einen redundanten Aufbau gew\u00e4hrleistet.<\/li><li>Backup : Die Backups werden an einem separaten Ort unter Verschluss aufbewahrt.<\/li><li>Server des Webdienstanbieters: Der Server, der den Webdienst bereitstellt, ist mit einem aktuellen Betriebssystem ausgestattet und wird vom Dienstanbieter st\u00e4ndig \u00fcberwacht, um einen proaktiven Schutz zu gew\u00e4hrleisten.<\/li><\/ul>\t\t\t\t\t\t\t\t<\/div>\n\t\t\t\t<div class=\"elementor-element elementor-element-f03ca73 elementor-widget elementor-widget-heading\" data-id=\"f03ca73\" data-element_type=\"widget\" data-widget_type=\"heading.default\">\n\t\t\t\t\t<h3 class=\"elementor-heading-title elementor-size-default\">Ihre Rechte in Bezug auf die Datenverwaltung<\/h3>\t\t\t\t<\/div>\n\t\t\t\t<div class=\"elementor-element elementor-element-042211f elementor-widget elementor-widget-text-editor\" data-id=\"042211f\" data-element_type=\"widget\" data-widget_type=\"text-editor.default\">\n\t\t\t\t\t\t\t\t\t<p>Sie k\u00f6nnen Ihre Rechte in Bezug auf die Datenverwaltung auf folgende Weise aus\u00fcben. Die OLS Kft. kann die Bereitstellung von Informationen verlangen, die zur Best\u00e4tigung Ihrer Identit\u00e4t erforderlich sind, um sicherzustellen, dass die Rechte und Freiheiten Dritter nicht verletzt werden.<\/p>\n<ul>\n<li>Sie k\u00f6nnen den Datenschutzbeauftragten pers\u00f6nlich (nach Terminvereinbarung) unter der folgenden Adresse kontaktieren:  2142 Nagytarcsa, Cinkotai utca 28.;<\/li>\n<li>per E-Mail an den Datenschutzbeauftragten unter szalai.viloms@ols.hu;<\/li>\n<\/ul>\n<p>Sie haben die in den Unterabschnitten dargelegten Rechte in Bezug auf die Datenverarbeitung:<\/p>\n<ul>\n<li>Recht auf Auskunft und Zugang<\/li>\n<li>Recht auf Berichtigung<\/li>\n<li>Recht auf L\u00f6schung<\/li>\n<li>Recht auf Einschr\u00e4nkung der Verarbeitung<\/li>\n<li>Recht auf Widerspruch<\/li>\n<li>Recht auf Daten\u00fcbertragbarkeit<\/li>\n<li>Recht auf Widerruf<\/li>\n<\/ul>\t\t\t\t\t\t\t\t<\/div>\n\t\t\t\t\t<\/div>\n\t\t<\/div>\n\t\t\t\t\t<\/div>\n\t\t<\/section>\n\t\t\t\t\t<\/div>\n\t\t<\/div>\n\t\t\t\t\t<\/div>\n\t\t<\/section>\n\t\t\t\t<\/div>","protected":false},"excerpt":{"rendered":"<p>Adatkezel\u00e9si szab\u00e1lyzat Weboldal kapcsolati adatok kezel\u00e9se\u200b Az adatkezel\u0151 \u00e9s az adatkezel\u00e9sre jogosult szem\u00e9lyek\u200b Adatkezel\u0151: OLS OMEGA-LASER-STEELTEC Ipari, Kereskedelmi \u00e9s Szolg\u00e1ltat\u00f3 Korl\u00e1tolt Felel\u0151ss\u00e9g\u00fc T\u00e1rsas\u00e1g Sz\u00e9khely: 2142 Nagytarcsa, Cinkotai utca 28. Ad\u00f3sz\u00e1m: 12758700-2-13 Weboldal: ols-porfestes.hu Az adatkezel\u00e9si t\u00e1j\u00e9koztat\u00f3ban foglaltak szerint kezelj\u00fck az \u00d6n szem\u00e9lyes adatait: N\u00e9v: Azonos\u00edt\u00e1sra \u00e9s kommunik\u00e1ci\u00f3ra. E-mail c\u00edm: Kommunik\u00e1ci\u00f3, h\u00edrlev\u00e9l k\u00fcld\u00e9se \u00e9s tranzakci\u00f3k meger\u0151s\u00edt\u00e9se. [&hellip;]<\/p>","protected":false},"author":1,"featured_media":0,"parent":0,"menu_order":0,"comment_status":"closed","ping_status":"closed","template":"","meta":{"footnotes":""},"class_list":["post-72","page","type-page","status-publish","hentry"],"yoast_head":"<!-- This site is optimized with the Yoast SEO Premium plugin v25.4 (Yoast SEO v25.4) - https:\/\/yoast.com\/wordpress\/plugins\/seo\/ -->\n<title>Adatkezel\u00e9si szab\u00e1lyzat<\/title>\n<meta name=\"description\" content=\"Olvassa el az OLS porfest\u00e9s weboldal adatkezel\u00e9si szab\u00e1lyzat\u00e1t!\" \/>\n<meta name=\"robots\" content=\"index, follow, max-snippet:-1, max-image-preview:large, max-video-preview:-1\" \/>\n<link rel=\"canonical\" href=\"https:\/\/ols-porfestes.hu\/de\/adatkezelesi-szabalyzat\/\" \/>\n<meta property=\"og:locale\" content=\"de_DE\" \/>\n<meta property=\"og:type\" content=\"article\" \/>\n<meta property=\"og:title\" content=\"Adatkezel\u00e9si szab\u00e1lyzat\" \/>\n<meta property=\"og:description\" content=\"Olvassa el az OLS porfest\u00e9s weboldal adatkezel\u00e9si szab\u00e1lyzat\u00e1t!\" \/>\n<meta property=\"og:url\" content=\"https:\/\/ols-porfestes.hu\/de\/adatkezelesi-szabalyzat\/\" \/>\n<meta property=\"og:site_name\" content=\"OLS-Porfest\u00e9s.hu\" \/>\n<meta property=\"article:modified_time\" content=\"2024-05-17T14:23:57+00:00\" \/>\n<meta name=\"twitter:card\" content=\"summary_large_image\" \/>\n<meta name=\"twitter:label1\" content=\"Gesch\u00e4tzte Lesezeit\" \/>\n\t<meta name=\"twitter:data1\" content=\"4\u00a0Minuten\" \/>\n<script type=\"application\/ld+json\" class=\"yoast-schema-graph\">{\"@context\":\"https:\/\/schema.org\",\"@graph\":[{\"@type\":\"WebPage\",\"@id\":\"https:\/\/ols-porfestes.hu\/adatkezelesi-szabalyzat\/\",\"url\":\"https:\/\/ols-porfestes.hu\/adatkezelesi-szabalyzat\/\",\"name\":\"Adatkezel\u00e9si szab\u00e1lyzat\",\"isPartOf\":{\"@id\":\"https:\/\/ols-porfestes.hu\/#website\"},\"datePublished\":\"2024-03-05T12:50:21+00:00\",\"dateModified\":\"2024-05-17T14:23:57+00:00\",\"description\":\"Olvassa el az OLS porfest\u00e9s weboldal adatkezel\u00e9si szab\u00e1lyzat\u00e1t!\",\"breadcrumb\":{\"@id\":\"https:\/\/ols-porfestes.hu\/adatkezelesi-szabalyzat\/#breadcrumb\"},\"inLanguage\":\"de\",\"potentialAction\":[{\"@type\":\"ReadAction\",\"target\":[\"https:\/\/ols-porfestes.hu\/adatkezelesi-szabalyzat\/\"]}]},{\"@type\":\"BreadcrumbList\",\"@id\":\"https:\/\/ols-porfestes.hu\/adatkezelesi-szabalyzat\/#breadcrumb\",\"itemListElement\":[{\"@type\":\"ListItem\",\"position\":1,\"name\":\"Kezd\u0151lap\",\"item\":\"https:\/\/ols-porfestes.hu\/\"},{\"@type\":\"ListItem\",\"position\":2,\"name\":\"Adatkezel\u00e9si szab\u00e1lyzat\"}]},{\"@type\":\"WebSite\",\"@id\":\"https:\/\/ols-porfestes.hu\/#website\",\"url\":\"https:\/\/ols-porfestes.hu\/\",\"name\":\"OLS-Porfest\u00e9s.hu\",\"description\":\"Profest\u00e9s, porsz\u00f3r\u00e1s min\u0151s\u00e9gellen\u0151rz\u00e9ssel\",\"publisher\":{\"@id\":\"https:\/\/ols-porfestes.hu\/#organization\"},\"alternateName\":\"Porfest\u00e9s az OLS-t\u0151l\",\"potentialAction\":[{\"@type\":\"SearchAction\",\"target\":{\"@type\":\"EntryPoint\",\"urlTemplate\":\"https:\/\/ols-porfestes.hu\/?s={search_term_string}\"},\"query-input\":{\"@type\":\"PropertyValueSpecification\",\"valueRequired\":true,\"valueName\":\"search_term_string\"}}],\"inLanguage\":\"de\"},{\"@type\":\"Organization\",\"@id\":\"https:\/\/ols-porfestes.hu\/#organization\",\"name\":\"OLS OMEGA-LASER-STEELTEC Ipari, Kereskedelmi \u00e9s Szolg\u00e1ltat\u00f3 Kft.\",\"alternateName\":\"OLS Kft.\",\"url\":\"https:\/\/ols-porfestes.hu\/\",\"logo\":{\"@type\":\"ImageObject\",\"inLanguage\":\"de\",\"@id\":\"https:\/\/ols-porfestes.hu\/#\/schema\/logo\/image\/\",\"url\":\"https:\/\/ols-porfestes.hu\/wp-content\/uploads\/2024\/03\/ols_porfestes_logo_valtozatok-02.png\",\"contentUrl\":\"https:\/\/ols-porfestes.hu\/wp-content\/uploads\/2024\/03\/ols_porfestes_logo_valtozatok-02.png\",\"width\":1819,\"height\":956,\"caption\":\"OLS OMEGA-LASER-STEELTEC Ipari, Kereskedelmi \u00e9s Szolg\u00e1ltat\u00f3 Kft.\"},\"image\":{\"@id\":\"https:\/\/ols-porfestes.hu\/#\/schema\/logo\/image\/\"},\"taxID\":\"12758700-2-13\"}]}<\/script>\n<!-- \/ Yoast SEO Premium plugin. -->","yoast_head_json":{"title":"Adatkezel\u00e9si szab\u00e1lyzat","description":"Olvassa el az OLS porfest\u00e9s weboldal adatkezel\u00e9si szab\u00e1lyzat\u00e1t!","robots":{"index":"index","follow":"follow","max-snippet":"max-snippet:-1","max-image-preview":"max-image-preview:large","max-video-preview":"max-video-preview:-1"},"canonical":"https:\/\/ols-porfestes.hu\/de\/adatkezelesi-szabalyzat\/","og_locale":"de_DE","og_type":"article","og_title":"Adatkezel\u00e9si szab\u00e1lyzat","og_description":"Olvassa el az OLS porfest\u00e9s weboldal adatkezel\u00e9si szab\u00e1lyzat\u00e1t!","og_url":"https:\/\/ols-porfestes.hu\/de\/adatkezelesi-szabalyzat\/","og_site_name":"OLS-Porfest\u00e9s.hu","article_modified_time":"2024-05-17T14:23:57+00:00","twitter_card":"summary_large_image","twitter_misc":{"Gesch\u00e4tzte Lesezeit":"4\u00a0Minuten"},"schema":{"@context":"https:\/\/schema.org","@graph":[{"@type":"WebPage","@id":"https:\/\/ols-porfestes.hu\/adatkezelesi-szabalyzat\/","url":"https:\/\/ols-porfestes.hu\/adatkezelesi-szabalyzat\/","name":"Adatkezel\u00e9si szab\u00e1lyzat","isPartOf":{"@id":"https:\/\/ols-porfestes.hu\/#website"},"datePublished":"2024-03-05T12:50:21+00:00","dateModified":"2024-05-17T14:23:57+00:00","description":"Olvassa el az OLS porfest\u00e9s weboldal adatkezel\u00e9si szab\u00e1lyzat\u00e1t!","breadcrumb":{"@id":"https:\/\/ols-porfestes.hu\/adatkezelesi-szabalyzat\/#breadcrumb"},"inLanguage":"de","potentialAction":[{"@type":"ReadAction","target":["https:\/\/ols-porfestes.hu\/adatkezelesi-szabalyzat\/"]}]},{"@type":"BreadcrumbList","@id":"https:\/\/ols-porfestes.hu\/adatkezelesi-szabalyzat\/#breadcrumb","itemListElement":[{"@type":"ListItem","position":1,"name":"Kezd\u0151lap","item":"https:\/\/ols-porfestes.hu\/"},{"@type":"ListItem","position":2,"name":"Adatkezel\u00e9si szab\u00e1lyzat"}]},{"@type":"WebSite","@id":"https:\/\/ols-porfestes.hu\/#website","url":"https:\/\/ols-porfestes.hu\/","name":"OLS-Porfest\u00e9s.hu","description":"Profest\u00e9s, porsz\u00f3r\u00e1s min\u0151s\u00e9gellen\u0151rz\u00e9ssel","publisher":{"@id":"https:\/\/ols-porfestes.hu\/#organization"},"alternateName":"Porfest\u00e9s az OLS-t\u0151l","potentialAction":[{"@type":"SearchAction","target":{"@type":"EntryPoint","urlTemplate":"https:\/\/ols-porfestes.hu\/?s={search_term_string}"},"query-input":{"@type":"PropertyValueSpecification","valueRequired":true,"valueName":"search_term_string"}}],"inLanguage":"de"},{"@type":"Organization","@id":"https:\/\/ols-porfestes.hu\/#organization","name":"OLS OMEGA-LASER-STEELTEC Ipari, Kereskedelmi \u00e9s Szolg\u00e1ltat\u00f3 Kft.","alternateName":"OLS Kft.","url":"https:\/\/ols-porfestes.hu\/","logo":{"@type":"ImageObject","inLanguage":"de","@id":"https:\/\/ols-porfestes.hu\/#\/schema\/logo\/image\/","url":"https:\/\/ols-porfestes.hu\/wp-content\/uploads\/2024\/03\/ols_porfestes_logo_valtozatok-02.png","contentUrl":"https:\/\/ols-porfestes.hu\/wp-content\/uploads\/2024\/03\/ols_porfestes_logo_valtozatok-02.png","width":1819,"height":956,"caption":"OLS OMEGA-LASER-STEELTEC Ipari, Kereskedelmi \u00e9s Szolg\u00e1ltat\u00f3 Kft."},"image":{"@id":"https:\/\/ols-porfestes.hu\/#\/schema\/logo\/image\/"},"taxID":"12758700-2-13"}]}},"_links":{"self":[{"href":"https:\/\/ols-porfestes.hu\/de\/wp-json\/wp\/v2\/pages\/72","targetHints":{"allow":["GET"]}}],"collection":[{"href":"https:\/\/ols-porfestes.hu\/de\/wp-json\/wp\/v2\/pages"}],"about":[{"href":"https:\/\/ols-porfestes.hu\/de\/wp-json\/wp\/v2\/types\/page"}],"author":[{"embeddable":true,"href":"https:\/\/ols-porfestes.hu\/de\/wp-json\/wp\/v2\/users\/1"}],"replies":[{"embeddable":true,"href":"https:\/\/ols-porfestes.hu\/de\/wp-json\/wp\/v2\/comments?post=72"}],"version-history":[{"count":19,"href":"https:\/\/ols-porfestes.hu\/de\/wp-json\/wp\/v2\/pages\/72\/revisions"}],"predecessor-version":[{"id":1370,"href":"https:\/\/ols-porfestes.hu\/de\/wp-json\/wp\/v2\/pages\/72\/revisions\/1370"}],"wp:attachment":[{"href":"https:\/\/ols-porfestes.hu\/de\/wp-json\/wp\/v2\/media?parent=72"}],"curies":[{"name":"wp","href":"https:\/\/api.w.org\/{rel}","templated":true}]}}